{"id":17129,"date":"2025-11-04T22:35:05","date_gmt":"2025-11-04T22:35:05","guid":{"rendered":"https:\/\/chucaocreaciones.cl\/?product=producto-2"},"modified":"2025-11-04T22:39:29","modified_gmt":"2025-11-04T22:39:29","slug":"producto-2","status":"publish","type":"product","link":"https:\/\/chucaocreaciones.cl\/?product=producto-2","title":{"rendered":"\u00e1rbol de la vida"},"content":{"rendered":"<p>\u00c1rbol de la vida en diferentes modelos y tama\u00f1os con atril<\/p>\n","protected":false},"excerpt":{"rendered":"<p>\u00c1rbol de la vida en diferentes modelos y tama\u00f1os con atril<\/p>\n","protected":false},"featured_media":17125,"comment_status":"open","ping_status":"closed","template":"","meta":[],"product_brand":[],"product_cat":[81],"product_tag":[60,88,89],"class_list":{"0":"post-17129","1":"product","2":"type-product","3":"status-publish","4":"has-post-thumbnail","6":"product_cat-laser","7":"product_tag-chucaocreaciones--artesaniachilena--decoracionrustica--hechoamano--iluminacionsustentable--disenoartesanal--lamparasdemadera--mad","8":"product_tag-corte-laser","9":"product_tag-grabado-laser","11":"first","12":"onbackorder","13":"taxable","14":"shipping-taxable","15":"purchasable","16":"product-type-simple","17":"add-to-wishlist-after_add_to_cart"},"_links":{"self":[{"href":"https:\/\/chucaocreaciones.cl\/index.php?rest_route=\/wp\/v2\/product\/17129","targetHints":{"allow":["GET"]}}],"collection":[{"href":"https:\/\/chucaocreaciones.cl\/index.php?rest_route=\/wp\/v2\/product"}],"about":[{"href":"https:\/\/chucaocreaciones.cl\/index.php?rest_route=\/wp\/v2\/types\/product"}],"replies":[{"embeddable":true,"href":"https:\/\/chucaocreaciones.cl\/index.php?rest_route=%2Fwp%2Fv2%2Fcomments&post=17129"}],"wp:featuredmedia":[{"embeddable":true,"href":"https:\/\/chucaocreaciones.cl\/index.php?rest_route=\/wp\/v2\/media\/17125"}],"wp:attachment":[{"href":"https:\/\/chucaocreaciones.cl\/index.php?rest_route=%2Fwp%2Fv2%2Fmedia&parent=17129"}],"wp:term":[{"taxonomy":"product_brand","embeddable":true,"href":"https:\/\/chucaocreaciones.cl\/index.php?rest_route=%2Fwp%2Fv2%2Fproduct_brand&post=17129"},{"taxonomy":"product_cat","embeddable":true,"href":"https:\/\/chucaocreaciones.cl\/index.php?rest_route=%2Fwp%2Fv2%2Fproduct_cat&post=17129"},{"taxonomy":"product_tag","embeddable":true,"href":"https:\/\/chucaocreaciones.cl\/index.php?rest_route=%2Fwp%2Fv2%2Fproduct_tag&post=17129"}],"curies":[{"name":"wp","href":"https:\/\/api.w.org\/{rel}","templated":true}]}}